{"id":19,"date":"2023-06-14T11:55:25","date_gmt":"2023-06-14T11:55:25","guid":{"rendered":"https:\/\/dummy.xtemos.com\/woodmart2\/plants\/?page_id=19"},"modified":"2025-11-05T13:37:04","modified_gmt":"2025-11-05T12:37:04","slug":"contact-us","status":"publish","type":"page","link":"https:\/\/kaldersbloemen.nl\/fr\/contact-us\/","title":{"rendered":"Contact"},"content":{"rendered":"<div class=\"wpb-content-wrapper\"><div class=\"vc_row wpb_row vc_row-fluid vc_custom_1685621936638 row-reverse-mobile wd-rs-64788ca667c66\"><div class=\"wpb_column vc_column_container vc_col-sm-6 vc_col-lg-7 vc_col-md-7 wd-rs-645a49cd76896\"><div class=\"vc_column-inner vc_custom_1683638736543\"><div class=\"wpb_wrapper\">\n\t\t<div id=\"wd-68132c0bcb005\" class=\"title-wrapper wd-wpb wd-set-mb reset-last-child  wd-rs-68132c0bcb005 wd-title-color-default wd-title-style-default text-left vc_custom_1746086936531 wd-width-custom wd-underline-colored\">\n\t\t\t\n\t\t\t<div class=\"liner-continer\">\n\t\t\t\t<h4 class=\"woodmart-title-container title  wd-font-weight- wd-fontsize-l\" >Nous nous ferons un plaisir de r\u00e9pondre \u00e0 votre question.<\/h4>\n\t\t\t\t\t\t\t<\/div>\n\t\t\t\n\t\t\t\n\t\t\t\n\t\t<\/div>\n\t\t\n\t\t\t\t<div id=\"wd-68e3da96ca2c2\" class=\"wd-text-block wd-wpb reset-last-child wd-rs-68e3da96ca2c2 text-left wd-width-custom vc_custom_1759763109436\">\n\t\t\t<p>Nous vous invitons \u00e0 visiter notre magasin. Si vous pr\u00e9f\u00e9rez poser votre question par e-mail ou par t\u00e9l\u00e9phone, vous pouvez nous joindre du lundi au samedi de 9h \u00e0 18h. <strong><span style=\"color: #056633;\">08:30 \u00e0 18:00<\/span><\/strong>. Dimanche de <strong><span style=\"color: #056633;\">10:00 \u00e0 17:00<\/span><\/strong>.<\/p>\n\t\t<\/div>\n\t\t<div id=\"wd-68132cbe047b7\" class=\"wd-rs-68132cbe047b7 vc_custom_1746087116155 wd-button-wrapper text-left\"><a href=\"mailto:info@kaldersbloemen.nl\" title=\"\" class=\"btn btn-color-primary btn-style-default btn-shape-rectangle btn-size-default\">Envoyer un courriel<\/a><\/div>\t\t\t<div\n\t\t\t\t\t\tclass=\"wd-rs-68b69bea78841 wd-social-icons vc_custom_1756797941077 wd-style-primary wd-size-default social-follow wd-shape-circle color-scheme-dark text-left\">\n\t\t\t\t\n\t\t\t\t\n\t\t\t\t\t\t\t\t\t<a rel=\"noopener noreferrer nofollow\" href=\"https:\/\/www.facebook.com\/kaldersbloemen\/\" target=\"_blank\" class=\"wd-social-icon social-facebook\" aria-label=\"Facebook social link\">\n\t\t\t\t\t\t<span class=\"wd-icon\"><\/span>\n\t\t\t\t\t\t\t\t\t\t\t<\/a>\n\t\t\t\t\n\t\t\t\t\n\t\t\t\t\n\t\t\t\t\n\t\t\t\t\t\t\t\t\t<a rel=\"noopener noreferrer nofollow\" href=\"http:\/\/instagram.com\/kaldersbloemen\" target=\"_blank\" class=\"wd-social-icon social-instagram\" aria-label=\"Instagram social link\">\n\t\t\t\t\t\t<span class=\"wd-icon\"><\/span>\n\t\t\t\t\t\t\t\t\t\t\t<\/a>\n\t\t\t\t\n\t\t\t\t\n\t\t\t\t\n\t\t\t\t\n\t\t\t\t\n\t\t\t\t\n\t\t\t\t\n\t\t\t\t\n\t\t\t\t\n\t\t\t\t\n\t\t\t\t\n\t\t\t\t\n\t\t\t\t\n\t\t\t\t\n\t\t\t\t\n\t\t\t\t\n\t\t\t\t\n\t\t\t\t\n\t\t\t\t\n\t\t\t\t\n\t\t\t\t\n\t\t\t\t\n\t\t\t<\/div>\n\n\t\t<\/div><\/div><\/div><div class=\"wpb_column vc_column_container vc_col-sm-6 vc_col-lg-5 vc_col-md-5 wd-rs-645a49d1d1f4c\"><div class=\"vc_column-inner vc_custom_1683638740551\"><div class=\"wpb_wrapper\">\t\t<div id=\"wd-690b44dc59f3e\" class=\"wd-image wd-wpb wd-rs-690b44dc59f3e text-left\">\n\t\t\t\n\t\t\t<img decoding=\"async\" width=\"1920\" height=\"1440\" src=\"https:\/\/kaldersbloemen.nl\/wp-content\/uploads\/2025\/11\/Kalders-Bloemen-Contact-Edited.jpg\" class=\"attachment-full size-full\" alt=\"\" srcset=\"https:\/\/kaldersbloemen.nl\/wp-content\/uploads\/2025\/11\/Kalders-Bloemen-Contact-Edited.jpg 1920w, https:\/\/kaldersbloemen.nl\/wp-content\/uploads\/2025\/11\/Kalders-Bloemen-Contact-Edited-400x300.jpg 400w, https:\/\/kaldersbloemen.nl\/wp-content\/uploads\/2025\/11\/Kalders-Bloemen-Contact-Edited-1067x800.jpg 1067w, https:\/\/kaldersbloemen.nl\/wp-content\/uploads\/2025\/11\/Kalders-Bloemen-Contact-Edited-768x576.jpg 768w, https:\/\/kaldersbloemen.nl\/wp-content\/uploads\/2025\/11\/Kalders-Bloemen-Contact-Edited-1536x1152.jpg 1536w, https:\/\/kaldersbloemen.nl\/wp-content\/uploads\/2025\/11\/Kalders-Bloemen-Contact-Edited-430x323.jpg 430w, https:\/\/kaldersbloemen.nl\/wp-content\/uploads\/2025\/11\/Kalders-Bloemen-Contact-Edited-700x525.jpg 700w, https:\/\/kaldersbloemen.nl\/wp-content\/uploads\/2025\/11\/Kalders-Bloemen-Contact-Edited-190x143.jpg 190w\" sizes=\"(max-width: 1920px) 100vw, 1920px\" \/>\n\t\t\t\t\t<\/div>\n\t\t<\/div><\/div><\/div><\/div><div class=\"vc_row wpb_row vc_row-fluid vc_custom_1759763131384 wd-rs-68e3dab38a7a0\"><div class=\"wpb_column vc_column_container vc_col-sm-12 wd-rs-645a4b6a8ee80\"><div class=\"vc_column-inner vc_custom_1683639150928\"><div class=\"wpb_wrapper\"><div class=\"vc_separator wpb_content_element vc_separator_align_center vc_sep_width_100 vc_sep_border_width_2 vc_sep_pos_align_center vc_separator_no_text vc_custom_1746092772538\" ><span class=\"vc_sep_holder vc_sep_holder_l\"><span style=\"border-color:#056733;\" class=\"vc_sep_line\"><\/span><\/span><span class=\"vc_sep_holder vc_sep_holder_r\"><span style=\"border-color:#056733;\" class=\"vc_sep_line\"><\/span><\/span>\n<\/div><\/div><\/div><\/div><\/div><div class=\"vc_row wpb_row vc_row-fluid vc_custom_1685621896257 wd-rs-64788c7e264c7\"><div class=\"wpb_column vc_column_container vc_col-sm-3 wd-rs-645a4b818d29e\"><div class=\"vc_column-inner\"><div class=\"wpb_wrapper\">\n\t\t<div id=\"wd-68132d124ad5e\" class=\"title-wrapper wd-wpb wd-set-mb reset-last-child  wd-rs-68132d124ad5e wd-enabled-width wd-title-color-default wd-title-style-default text-left  wd-underline-colored\">\n\t\t\t\n\t\t\t<div class=\"liner-continer\">\n\t\t\t\t<h4 class=\"woodmart-title-container title  wd-font-weight- wd-fontsize-l\" >Delft<\/h4>\n\t\t\t\t\t\t\t<\/div>\n\t\t\t\n\t\t\t\n\t\t\t\n\t\t<\/div>\n\t\t\n\t\t\t\t<div id=\"wd-6586959326cee\" class=\"wd-image wd-wpb wd-rs-6586959326cee text-left  inline-element\">\n\t\t\t\n\t\t\t<img decoding=\"async\"  src=\"https:\/\/kaldersbloemen.nl\/wp-content\/uploads\/2023\/06\/arrow.svg\" title=\"fl\u00e8che\" loading=\"lazy\" width=\"17\" height=\"17\">\n\t\t\t\t\t<\/div>\n\t\t<div id=\"wd-68132f585167b\" class=\"wd-rs-68132f585167b vc_custom_1746087793991 wd-button-wrapper text-left\"><a href=\"https:\/\/maps.app.goo.gl\/Tj9tKMXGK2nrwMbR8\" title=\"\" class=\"btn btn-color-primary btn-style-default btn-shape-rectangle btn-size-default\">Ouvrir dans Google Maps<\/a><\/div><\/div><\/div><\/div><div class=\"wpb_column vc_column_container vc_col-sm-9 wd-rs-645a4b918769b\"><div class=\"vc_column-inner\"><div class=\"wpb_wrapper\"><div class=\"vc_row wpb_row vc_inner vc_row-fluid\"><div class=\"wpb_column vc_column_container vc_col-sm-3 vc_col-xs-4 wd-rs-645a5334b5fa7\"><div class=\"vc_column-inner\"><div class=\"wpb_wrapper\">\t\t<div id=\"wd-6909ed51aa8d2\" class=\"wd-text-block wd-wpb reset-last-child wd-rs-6909ed51aa8d2 text-left color-title vc_custom_1762258260066\">\n\t\t\t<p><strong>T\u00e9l\u00e9phone :<\/strong><\/p>\n\t\t<\/div>\n\t\t\t\t<div id=\"wd-6909ed5598451\" class=\"wd-text-block wd-wpb reset-last-child wd-rs-6909ed5598451 text-left color-title vc_custom_1762258263569\">\n\t\t\t<p><strong>Courriel :<\/strong><\/p>\n\t\t<\/div>\n\t\t\t\t<div id=\"wd-6909ed5924d63\" class=\"wd-text-block wd-wpb reset-last-child wd-rs-6909ed5924d63 text-left color-title vc_custom_1762258266973\">\n\t\t\t<p><strong>Adresse :<\/strong><\/p>\n\t\t<\/div>\n\t\t<\/div><\/div><\/div><div class=\"wpb_column vc_column_container vc_col-sm-5 vc_col-xs-8 wd-rs-645a533a6b322\"><div class=\"vc_column-inner\"><div class=\"wpb_wrapper\">\t\t<div id=\"wd-682c457ac5583\" class=\"wd-text-block wd-wpb reset-last-child wd-rs-682c457ac5583 text-left color-title vc_custom_1747731847954\">\n\t\t\t<p>+31 15 887 9914<\/p>\n\t\t<\/div>\n\t\t\t\t<div id=\"wd-682c4591a6c73\" class=\"wd-text-block wd-wpb reset-last-child wd-rs-682c4591a6c73 text-left color-title vc_custom_1747731861473\">\n\t\t\t<p>info@kaldersbloemen.nl<\/p>\n\t\t<\/div>\n\t\t\t\t<div id=\"wd-6909ec516dc67\" class=\"wd-text-block wd-wpb reset-last-child wd-rs-6909ec516dc67 text-left wd-width-custom color-title vc_custom_1762258010624\">\n\t\t\t<p>Martinus Nijhofflaan 1<br \/>\n2624 ER Delft<\/p>\n\t\t<\/div>\n\t\t<\/div><\/div><\/div><div class=\"wpb_column vc_column_container vc_col-sm-4\"><div class=\"vc_column-inner\"><div class=\"wpb_wrapper\">\t\t<div id=\"wd-6909ed41b6dac\" class=\"wd-text-block wd-wpb reset-last-child wd-rs-6909ed41b6dac text-left color-title wd-fontsize-m vc_custom_1762258244149\">\n\t\t\t<p><strong>Heures d'ouverture<\/strong><\/p>\n\t\t<\/div>\n\t\t\t\t<div id=\"wd-6909ed0306e5b\" class=\"wd-text-block wd-wpb reset-last-child wd-rs-6909ed0306e5b text-left color-title vc_custom_1762258189472\">\n\t\t\t<table style=\"width: 100%; max-width: 300px; border: none; border-collapse: collapse; line-height: 1.5;\">\n<tbody>\n<tr>\n<td style=\"text-align: left; padding: 2px 0;\">Lundi<\/td>\n<td style=\"text-align: right; padding: 2px 0;\">08.30 - 18.00<\/td>\n<\/tr>\n<tr>\n<td style=\"text-align: left; padding: 2px 0;\">Mardi<\/td>\n<td style=\"text-align: right; padding: 2px 0;\">08.30 - 18.00<\/td>\n<\/tr>\n<tr>\n<td style=\"text-align: left; padding: 2px 0;\">Mercredi<\/td>\n<td style=\"text-align: right; padding: 2px 0;\">08.30 - 18.00<\/td>\n<\/tr>\n<tr>\n<td style=\"text-align: left; padding: 2px 0;\">Jeudi<\/td>\n<td style=\"text-align: right; padding: 2px 0;\">08.30 - 18.00<\/td>\n<\/tr>\n<tr>\n<td style=\"text-align: left; padding: 2px 0;\">Vendredi<\/td>\n<td style=\"text-align: right; padding: 2px 0;\">08.30 - 18.00<\/td>\n<\/tr>\n<tr>\n<td style=\"text-align: left; padding: 2px 0;\">Samedi<\/td>\n<td style=\"text-align: right; padding: 2px 0;\">08.00 - 18.00<\/td>\n<\/tr>\n<tr>\n<td style=\"text-align: left; padding: 2px 0;\">Dimanche<\/td>\n<td style=\"text-align: right; padding: 2px 0;\">10.00 - 17.00<\/td>\n<\/tr>\n<\/tbody>\n<\/table>\n\t\t<\/div>\n\t\t<\/div><\/div><\/div><\/div><\/div><\/div><\/div><\/div>\n<\/div>","protected":false},"excerpt":{"rendered":"We helpen je graag met je vraag. Je bent van harte welkom in onze winkel. Stel je liever je vraag","protected":false},"author":1,"featured_media":0,"parent":0,"menu_order":0,"comment_status":"closed","ping_status":"closed","template":"","meta":{"footnotes":""},"class_list":["post-19","page","type-page","status-publish","hentry"],"_links":{"self":[{"href":"https:\/\/kaldersbloemen.nl\/fr\/wp-json\/wp\/v2\/pages\/19","targetHints":{"allow":["GET"]}}],"collection":[{"href":"https:\/\/kaldersbloemen.nl\/fr\/wp-json\/wp\/v2\/pages"}],"about":[{"href":"https:\/\/kaldersbloemen.nl\/fr\/wp-json\/wp\/v2\/types\/page"}],"author":[{"embeddable":true,"href":"https:\/\/kaldersbloemen.nl\/fr\/wp-json\/wp\/v2\/users\/1"}],"replies":[{"embeddable":true,"href":"https:\/\/kaldersbloemen.nl\/fr\/wp-json\/wp\/v2\/comments?post=19"}],"version-history":[{"count":37,"href":"https:\/\/kaldersbloemen.nl\/fr\/wp-json\/wp\/v2\/pages\/19\/revisions"}],"predecessor-version":[{"id":1133,"href":"https:\/\/kaldersbloemen.nl\/fr\/wp-json\/wp\/v2\/pages\/19\/revisions\/1133"}],"wp:attachment":[{"href":"https:\/\/kaldersbloemen.nl\/fr\/wp-json\/wp\/v2\/media?parent=19"}],"curies":[{"name":"wp","href":"https:\/\/api.w.org\/{rel}","templated":true}]}}