{"id":1055,"date":"2025-10-30T13:54:11","date_gmt":"2025-10-30T12:54:11","guid":{"rendered":"https:\/\/kaldersbloemen.nl\/?post_type=product&#038;p=1055"},"modified":"2026-01-26T17:47:51","modified_gmt":"2026-01-26T16:47:51","slug":"fantasie-boeket-wisselend-boeket","status":"publish","type":"product","link":"https:\/\/kaldersbloemen.nl\/fr\/produit\/fantasie-boeket-wisselend-boeket\/","title":{"rendered":"Bouquet fantaisie (quantit\u00e9 au choix)"},"content":{"rendered":"<div class=\"wpb-content-wrapper\"><div class=\"vc_row wpb_row vc_row-fluid\"><div class=\"wpb_column vc_column_container vc_col-sm-12\"><div class=\"vc_column-inner\"><div class=\"wpb_wrapper\">\n\t<div class=\"wpb_text_column wpb_content_element vc_custom_1761918976126\" >\n\t\t<div class=\"wpb_wrapper\">\n\t\t\t<p>Le bouquet fantaisie est notre cr\u00e9ation unique et changeante, toujours compos\u00e9e selon les derni\u00e8res tendances. Comme le bouquet est fait fra\u00eechement pour vous, il n'y a pas deux bouquets identiques.<\/p>\n<p><em>*La photo est un exemple, le bouquet livr\u00e9 est une cr\u00e9ation unique et tendance.<\/em><\/p>\n\n\t\t<\/div>\n\t<\/div>\n<\/div><\/div><\/div><\/div>\n<\/div>","protected":false},"excerpt":{"rendered":"Het fantasieboeket is onze unieke, wisselende creatie, altijd samengesteld volgens de laatste trends. Omdat het boeket vers voor u wordt","protected":false},"featured_media":1059,"template":"","meta":[],"product_brand":[],"product_cat":[24,55],"product_tag":[],"class_list":{"0":"post-1055","1":"product","2":"type-product","3":"status-publish","4":"has-post-thumbnail","6":"product_cat-boeketten","7":"product_cat-variabel","8":"tm-has-options","10":"first","11":"instock","12":"featured","13":"taxable","14":"shipping-taxable","15":"purchasable","16":"product-type-simple"},"_links":{"self":[{"href":"https:\/\/kaldersbloemen.nl\/fr\/wp-json\/wp\/v2\/product\/1055","targetHints":{"allow":["GET"]}}],"collection":[{"href":"https:\/\/kaldersbloemen.nl\/fr\/wp-json\/wp\/v2\/product"}],"about":[{"href":"https:\/\/kaldersbloemen.nl\/fr\/wp-json\/wp\/v2\/types\/product"}],"wp:featuredmedia":[{"embeddable":true,"href":"https:\/\/kaldersbloemen.nl\/fr\/wp-json\/wp\/v2\/media\/1059"}],"wp:attachment":[{"href":"https:\/\/kaldersbloemen.nl\/fr\/wp-json\/wp\/v2\/media?parent=1055"}],"wp:term":[{"taxonomy":"product_brand","embeddable":true,"href":"https:\/\/kaldersbloemen.nl\/fr\/wp-json\/wp\/v2\/product_brand?post=1055"},{"taxonomy":"product_cat","embeddable":true,"href":"https:\/\/kaldersbloemen.nl\/fr\/wp-json\/wp\/v2\/product_cat?post=1055"},{"taxonomy":"product_tag","embeddable":true,"href":"https:\/\/kaldersbloemen.nl\/fr\/wp-json\/wp\/v2\/product_tag?post=1055"}],"curies":[{"name":"wp","href":"https:\/\/api.w.org\/{rel}","templated":true}]}}