{"id":383,"date":"2025-01-26T18:41:44","date_gmt":"2025-01-26T18:41:44","guid":{"rendered":"https:\/\/kaldersbloemen.nl\/?post_type=product&#038;p=383"},"modified":"2026-02-02T13:36:16","modified_gmt":"2026-02-02T12:36:16","slug":"gemengde-rozen","status":"publish","type":"product","link":"https:\/\/kaldersbloemen.nl\/fr\/produit\/gemengde-rozen\/","title":{"rendered":"Roses m\u00e9lang\u00e9es"},"content":{"rendered":"<p>Bouquet de roses luxueux et \u00e9l\u00e9gant. Un geste d'amour.<\/p>\n<p><em>* En raison de la disponibilit\u00e9 des fleurs, le bouquet peut varier l\u00e9g\u00e8rement par rapport \u00e0 la photo.<\/em><\/p>","protected":false},"excerpt":{"rendered":"<p>Luxe en stijlvol rozenboeket. Een liefdevol gebaar. *Door beschikbaarheid van bloemen kan het boeket iets afwijken van de foto.<\/p>","protected":false},"featured_media":410,"template":"","meta":[],"product_brand":[],"product_cat":[24,43],"product_tag":[],"class_list":{"0":"post-383","1":"product","2":"type-product","3":"status-publish","4":"has-post-thumbnail","6":"product_cat-boeketten","7":"product_cat-boeketten-zonder-vaas","8":"tm-has-options","10":"first","11":"instock","12":"featured","13":"taxable","14":"shipping-taxable","15":"purchasable","16":"product-type-variable","17":"has-default-attributes"},"_links":{"self":[{"href":"https:\/\/kaldersbloemen.nl\/fr\/wp-json\/wp\/v2\/product\/383","targetHints":{"allow":["GET"]}}],"collection":[{"href":"https:\/\/kaldersbloemen.nl\/fr\/wp-json\/wp\/v2\/product"}],"about":[{"href":"https:\/\/kaldersbloemen.nl\/fr\/wp-json\/wp\/v2\/types\/product"}],"wp:featuredmedia":[{"embeddable":true,"href":"https:\/\/kaldersbloemen.nl\/fr\/wp-json\/wp\/v2\/media\/410"}],"wp:attachment":[{"href":"https:\/\/kaldersbloemen.nl\/fr\/wp-json\/wp\/v2\/media?parent=383"}],"wp:term":[{"taxonomy":"product_brand","embeddable":true,"href":"https:\/\/kaldersbloemen.nl\/fr\/wp-json\/wp\/v2\/product_brand?post=383"},{"taxonomy":"product_cat","embeddable":true,"href":"https:\/\/kaldersbloemen.nl\/fr\/wp-json\/wp\/v2\/product_cat?post=383"},{"taxonomy":"product_tag","embeddable":true,"href":"https:\/\/kaldersbloemen.nl\/fr\/wp-json\/wp\/v2\/product_tag?post=383"}],"curies":[{"name":"wp","href":"https:\/\/api.w.org\/{rel}","templated":true}]}}