{"id":391,"date":"2025-01-26T18:41:44","date_gmt":"2025-01-26T18:41:44","guid":{"rendered":"https:\/\/kaldersbloemen.nl\/?post_type=product&#038;p=391"},"modified":"2025-11-04T16:21:00","modified_gmt":"2025-11-04T15:21:00","slug":"oranje-boeket","status":"publish","type":"product","link":"https:\/\/kaldersbloemen.nl\/fr\/produit\/oranje-boeket\/","title":{"rendered":"Bouquet d'oranges"},"content":{"rendered":"<p>Un beau bouquet orange qui vous rendra heureux !<\/p>\n<p>* En raison de la disponibilit\u00e9 des fleurs, le bouquet peut varier l\u00e9g\u00e8rement par rapport \u00e0 la photo.<\/p>","protected":false},"excerpt":{"rendered":"<p>Un beau bouquet orange qui vous rendra heureux ! * En raison de la disponibilit\u00e9 des fleurs, le bouquet peut varier l\u00e9g\u00e8rement par rapport \u00e0 la photo.<\/p>","protected":false},"featured_media":412,"template":"","meta":[],"product_brand":[],"product_cat":[24,43],"product_tag":[],"class_list":{"0":"post-391","1":"product","2":"type-product","3":"status-publish","4":"has-post-thumbnail","6":"product_cat-boeketten","7":"product_cat-boeketten-zonder-vaas","8":"tm-has-options","10":"first","11":"instock","12":"featured","13":"taxable","14":"shipping-taxable","15":"purchasable","16":"product-type-variable","17":"has-default-attributes"},"_links":{"self":[{"href":"https:\/\/kaldersbloemen.nl\/fr\/wp-json\/wp\/v2\/product\/391","targetHints":{"allow":["GET"]}}],"collection":[{"href":"https:\/\/kaldersbloemen.nl\/fr\/wp-json\/wp\/v2\/product"}],"about":[{"href":"https:\/\/kaldersbloemen.nl\/fr\/wp-json\/wp\/v2\/types\/product"}],"wp:featuredmedia":[{"embeddable":true,"href":"https:\/\/kaldersbloemen.nl\/fr\/wp-json\/wp\/v2\/media\/412"}],"wp:attachment":[{"href":"https:\/\/kaldersbloemen.nl\/fr\/wp-json\/wp\/v2\/media?parent=391"}],"wp:term":[{"taxonomy":"product_brand","embeddable":true,"href":"https:\/\/kaldersbloemen.nl\/fr\/wp-json\/wp\/v2\/product_brand?post=391"},{"taxonomy":"product_cat","embeddable":true,"href":"https:\/\/kaldersbloemen.nl\/fr\/wp-json\/wp\/v2\/product_cat?post=391"},{"taxonomy":"product_tag","embeddable":true,"href":"https:\/\/kaldersbloemen.nl\/fr\/wp-json\/wp\/v2\/product_tag?post=391"}],"curies":[{"name":"wp","href":"https:\/\/api.w.org\/{rel}","templated":true}]}}