{"id":395,"date":"2025-01-26T18:41:44","date_gmt":"2025-01-26T18:41:44","guid":{"rendered":"https:\/\/kaldersbloemen.nl\/?post_type=product&#038;p=395"},"modified":"2026-02-02T13:38:13","modified_gmt":"2026-02-02T12:38:13","slug":"rood-boeket","status":"publish","type":"product","link":"https:\/\/kaldersbloemen.nl\/fr\/produit\/rood-boeket\/","title":{"rendered":"Bouquet rouge"},"content":{"rendered":"<p>Bouquet rouge chaleureux et atmosph\u00e9rique avec des roses rouges. Un geste d'amour.<\/p>\n<p><em>* En raison de la disponibilit\u00e9 des fleurs, le bouquet peut varier l\u00e9g\u00e8rement par rapport \u00e0 la photo.<\/em><\/p>","protected":false},"excerpt":{"rendered":"<p>Bouquet rouge chaleureux et atmosph\u00e9rique avec des roses rouges. Un geste d'amour. *En raison de la disponibilit\u00e9 des fleurs, le bouquet peut \u00eatre l\u00e9g\u00e8rement diff\u00e9rent de celui de l'ann\u00e9e pr\u00e9c\u00e9dente.<\/p>","protected":false},"featured_media":413,"template":"","meta":[],"product_brand":[],"product_cat":[24,43],"product_tag":[],"class_list":{"0":"post-395","1":"product","2":"type-product","3":"status-publish","4":"has-post-thumbnail","6":"product_cat-boeketten","7":"product_cat-boeketten-zonder-vaas","8":"tm-has-options","10":"first","11":"instock","12":"featured","13":"taxable","14":"shipping-taxable","15":"purchasable","16":"product-type-variable","17":"has-default-attributes"},"_links":{"self":[{"href":"https:\/\/kaldersbloemen.nl\/fr\/wp-json\/wp\/v2\/product\/395","targetHints":{"allow":["GET"]}}],"collection":[{"href":"https:\/\/kaldersbloemen.nl\/fr\/wp-json\/wp\/v2\/product"}],"about":[{"href":"https:\/\/kaldersbloemen.nl\/fr\/wp-json\/wp\/v2\/types\/product"}],"wp:featuredmedia":[{"embeddable":true,"href":"https:\/\/kaldersbloemen.nl\/fr\/wp-json\/wp\/v2\/media\/413"}],"wp:attachment":[{"href":"https:\/\/kaldersbloemen.nl\/fr\/wp-json\/wp\/v2\/media?parent=395"}],"wp:term":[{"taxonomy":"product_brand","embeddable":true,"href":"https:\/\/kaldersbloemen.nl\/fr\/wp-json\/wp\/v2\/product_brand?post=395"},{"taxonomy":"product_cat","embeddable":true,"href":"https:\/\/kaldersbloemen.nl\/fr\/wp-json\/wp\/v2\/product_cat?post=395"},{"taxonomy":"product_tag","embeddable":true,"href":"https:\/\/kaldersbloemen.nl\/fr\/wp-json\/wp\/v2\/product_tag?post=395"}],"curies":[{"name":"wp","href":"https:\/\/api.w.org\/{rel}","templated":true}]}}