{"id":440,"date":"2025-01-26T18:41:49","date_gmt":"2025-01-26T18:41:49","guid":{"rendered":"https:\/\/kaldersbloemen.nl\/?post_type=product&#038;p=440"},"modified":"2025-11-04T16:30:15","modified_gmt":"2025-11-04T15:30:15","slug":"rouwarrangement-met-witte-phalaenopsis","status":"publish","type":"product","link":"https:\/\/kaldersbloemen.nl\/fr\/produit\/rouwarrangement-met-witte-phalaenopsis\/","title":{"rendered":"Arrangement fun\u00e9raire avec Phalaenopsis blanc"},"content":{"rendered":"<div class=\"wpb-content-wrapper\"><div class=\"vc_row wpb_row vc_row-fluid\"><div class=\"wpb_column vc_column_container vc_col-sm-12\"><div class=\"vc_column-inner\"><div class=\"wpb_wrapper\">\n\t<div class=\"wpb_text_column wpb_content_element\" >\n\t\t<div class=\"wpb_wrapper\">\n\t\t\t<p>Il n'est g\u00e9n\u00e9ralement pas facile de trouver un texte pour des fun\u00e9railles. Vous trouverez ci-dessous quelques exemples de textes que vous pouvez utiliser pour la carte.<\/p>\n<p>- Repose en paix<br \/>\n- Un dernier salut<br \/>\n- Plus besoin de se battre<br \/>\n- Au plaisir de vous revoir<br \/>\n- Les mots sont trop courts<br \/>\n- Dans nos c\u0153urs, vous continuez \u00e0 vivre<br \/>\n- Avec toute ma gratitude<br \/>\n- Au revoir\/adieu ch\u00e8re .....<br \/>\n- Vous nous manquerez<br \/>\n- Je ne t'oublierai jamais<br \/>\n- Pour toujours dans mon c\u0153ur\/nos c\u0153urs<\/p>\n<p><em>* En raison de la disponibilit\u00e9 des fleurs, la composition florale peut diff\u00e9rer l\u00e9g\u00e8rement de la photo.<\/em><\/p>\n\n\t\t<\/div>\n\t<\/div>\n<\/div><\/div><\/div><\/div>\n<\/div>","protected":false},"excerpt":{"rendered":"Een tekst verzinnen voor bij een uitvaart is meestal niet eenvoudig. Hieronder hebben wij een aantal voorbeelden geplaatst van teksten","protected":false},"featured_media":456,"template":"","meta":[],"product_brand":[],"product_cat":[23,45],"product_tag":[],"class_list":{"0":"post-440","1":"product","2":"type-product","3":"status-publish","4":"has-post-thumbnail","6":"product_cat-rouw","7":"product_cat-rouwboeket","8":"tm-has-options","10":"first","11":"instock","12":"taxable","13":"shipping-taxable","14":"purchasable","15":"product-type-variable","16":"has-default-attributes"},"_links":{"self":[{"href":"https:\/\/kaldersbloemen.nl\/fr\/wp-json\/wp\/v2\/product\/440","targetHints":{"allow":["GET"]}}],"collection":[{"href":"https:\/\/kaldersbloemen.nl\/fr\/wp-json\/wp\/v2\/product"}],"about":[{"href":"https:\/\/kaldersbloemen.nl\/fr\/wp-json\/wp\/v2\/types\/product"}],"wp:featuredmedia":[{"embeddable":true,"href":"https:\/\/kaldersbloemen.nl\/fr\/wp-json\/wp\/v2\/media\/456"}],"wp:attachment":[{"href":"https:\/\/kaldersbloemen.nl\/fr\/wp-json\/wp\/v2\/media?parent=440"}],"wp:term":[{"taxonomy":"product_brand","embeddable":true,"href":"https:\/\/kaldersbloemen.nl\/fr\/wp-json\/wp\/v2\/product_brand?post=440"},{"taxonomy":"product_cat","embeddable":true,"href":"https:\/\/kaldersbloemen.nl\/fr\/wp-json\/wp\/v2\/product_cat?post=440"},{"taxonomy":"product_tag","embeddable":true,"href":"https:\/\/kaldersbloemen.nl\/fr\/wp-json\/wp\/v2\/product_tag?post=440"}],"curies":[{"name":"wp","href":"https:\/\/api.w.org\/{rel}","templated":true}]}}