{"id":516,"date":"2025-01-26T18:41:56","date_gmt":"2025-01-26T18:41:56","guid":{"rendered":"https:\/\/kaldersbloemen.nl\/?post_type=product&#038;p=516"},"modified":"2026-02-23T19:59:43","modified_gmt":"2026-02-23T18:59:43","slug":"valentijnboeket","status":"publish","type":"product","link":"https:\/\/kaldersbloemen.nl\/fr\/produit\/valentijnboeket\/","title":{"rendered":"Bouquet de la Saint-Valentin"},"content":{"rendered":"<p>Surprenez votre grand amour avec ce magnifique bouquet de la Saint-Valentin.  \u2764\ufe0f<\/p>\n<p><em>* En raison de la disponibilit\u00e9 des fleurs, le bouquet peut varier l\u00e9g\u00e8rement par rapport \u00e0 la photo.<\/em><\/p>","protected":false},"excerpt":{"rendered":"<p>Verras je grote liefde met dit prachtige valentijnboeket.\u00a0 \u2764\ufe0f *Door beschikbaarheid van bloemen kan het boeket iets afwijken van de<\/p>","protected":false},"featured_media":531,"template":"","meta":[],"product_brand":[],"product_cat":[24,43],"product_tag":[],"class_list":{"0":"post-516","1":"product","2":"type-product","3":"status-publish","4":"has-post-thumbnail","6":"product_cat-boeketten","7":"product_cat-boeketten-zonder-vaas","8":"tm-has-options","10":"first","11":"instock","12":"featured","13":"taxable","14":"shipping-taxable","15":"purchasable","16":"product-type-variable","17":"has-default-attributes"},"_links":{"self":[{"href":"https:\/\/kaldersbloemen.nl\/fr\/wp-json\/wp\/v2\/product\/516","targetHints":{"allow":["GET"]}}],"collection":[{"href":"https:\/\/kaldersbloemen.nl\/fr\/wp-json\/wp\/v2\/product"}],"about":[{"href":"https:\/\/kaldersbloemen.nl\/fr\/wp-json\/wp\/v2\/types\/product"}],"wp:featuredmedia":[{"embeddable":true,"href":"https:\/\/kaldersbloemen.nl\/fr\/wp-json\/wp\/v2\/media\/531"}],"wp:attachment":[{"href":"https:\/\/kaldersbloemen.nl\/fr\/wp-json\/wp\/v2\/media?parent=516"}],"wp:term":[{"taxonomy":"product_brand","embeddable":true,"href":"https:\/\/kaldersbloemen.nl\/fr\/wp-json\/wp\/v2\/product_brand?post=516"},{"taxonomy":"product_cat","embeddable":true,"href":"https:\/\/kaldersbloemen.nl\/fr\/wp-json\/wp\/v2\/product_cat?post=516"},{"taxonomy":"product_tag","embeddable":true,"href":"https:\/\/kaldersbloemen.nl\/fr\/wp-json\/wp\/v2\/product_tag?post=516"}],"curies":[{"name":"wp","href":"https:\/\/api.w.org\/{rel}","templated":true}]}}