{"id":1043,"date":"2025-10-06T17:40:52","date_gmt":"2025-10-06T15:40:52","guid":{"rendered":"https:\/\/kaldersbloemen.nl\/?page_id=1043"},"modified":"2025-11-05T13:52:50","modified_gmt":"2025-11-05T12:52:50","slug":"bloemen-verzorgen","status":"publish","type":"page","link":"https:\/\/kaldersbloemen.nl\/it\/bloemen-verzorgen\/","title":{"rendered":"Cura dei fiori"},"content":{"rendered":"<div class=\"wpb-content-wrapper\"><div class=\"vc_row wpb_row vc_row-fluid vc_custom_1680177402148 vc_row-o-equal-height vc_row-flex wd-rs-642578f7adeb3\"><div class=\"wpb_column vc_column_container vc_col-sm-6 vc_col-lg-5 vc_col-md-5 wd-rs-690b488528d6d\"><div class=\"vc_column-inner vc_custom_1762347153342\"><div class=\"wpb_wrapper\">\t\t<div id=\"wd-68e3e336c9589\" class=\"wd-image wd-wpb wd-rs-68e3e336c9589 text-left vc_custom_1759765312272\">\n\t\t\t\n\t\t\t<img decoding=\"async\" width=\"1000\" height=\"750\" src=\"https:\/\/kaldersbloemen.nl\/wp-content\/uploads\/2025\/10\/IMG_0056.jpg\" class=\"attachment-full size-full\" alt=\"\" srcset=\"https:\/\/kaldersbloemen.nl\/wp-content\/uploads\/2025\/10\/IMG_0056.jpg 1000w, https:\/\/kaldersbloemen.nl\/wp-content\/uploads\/2025\/10\/IMG_0056-400x300.jpg 400w, https:\/\/kaldersbloemen.nl\/wp-content\/uploads\/2025\/10\/IMG_0056-768x576.jpg 768w, https:\/\/kaldersbloemen.nl\/wp-content\/uploads\/2025\/10\/IMG_0056-430x323.jpg 430w, https:\/\/kaldersbloemen.nl\/wp-content\/uploads\/2025\/10\/IMG_0056-700x525.jpg 700w, https:\/\/kaldersbloemen.nl\/wp-content\/uploads\/2025\/10\/IMG_0056-190x143.jpg 190w\" sizes=\"(max-width: 1000px) 100vw, 1000px\" \/>\n\t\t\t\t\t<\/div>\n\t\t<\/div><\/div><\/div><div class=\"wpb_column vc_column_container vc_col-sm-6 vc_col-lg-7 vc_col-md-7 vc_col-xs-12 vc_col-has-fill wd-rs-690b48999e726\"><div class=\"vc_column-inner vc_custom_1762347166406\"><div class=\"wpb_wrapper\">\n\t\t<div id=\"wd-68e3e3169c644\" class=\"title-wrapper wd-wpb wd-set-mb reset-last-child  wd-rs-68e3e3169c644 wd-title-color-primary wd-title-style-default text-left  wd-underline-colored\">\n\t\t\t\n\t\t\t<div class=\"liner-continer\">\n\t\t\t\t<h4 class=\"woodmart-title-container title  wd-font-weight- wd-fontsize-l\" >Cura dei fiori<\/h4>\n\t\t\t\t\t\t\t<\/div>\n\t\t\t\n\t\t\t\n\t\t\t\n\t\t<\/div>\n\t\t\n\t\t\t\t<div id=\"wd-68e3e329e696b\" class=\"wd-text-block wd-wpb reset-last-child wd-rs-68e3e329e696b text-left\">\n\t\t\t<p>Volete godervi il vostro bouquet il pi\u00f9 a lungo possibile? Allora curateli nel modo migliore e seguite le seguenti indicazioni.<\/p>\n<p><strong>Taglio ad angolo<\/strong><\/p>\n<p>Se un bouquet viene lasciato senz'acqua per pi\u00f9 di qualche minuto, le \u2018ferite\u2019 si seccano, riducendo la loro capacit\u00e0 di assorbire acqua. Pertanto, tagliate circa 3 cm. in diagonale dai gambi con un coltello affilato. Le pinze smussate schiacceranno i gambi, riducendo la loro capacit\u00e0 di assorbire l'acqua.<\/p>\n<p><strong>Mettete in un vaso pulito il prima possibile.<\/strong><\/p>\n<p>I fiori amano l'acqua! Pertanto, \u00e8 importante mettere il bouquet in acqua il prima possibile, in modo che possano assorbire nuovamente l'acqua. Assicuratevi che il vaso sia pulito, se necessario con un po' di cloro. Consigliamo un vaso di vetro per diversi motivi. \u00c8 meno probabile che i batteri si formino sulle pareti di un vaso di vetro, si pu\u00f2 vedere facilmente se c'\u00e8 ancora abbastanza acqua e se l'acqua \u00e8 ancora pulita o deve essere cambiata.<\/p>\n<p><strong>Alimenti per fiori recisi<\/strong><\/p>\n<p>Con ogni bouquet forniamo un sacchetto di cibo per fiori recisi, da aggiungere all'acqua. Potete usare la semplice acqua del rubinetto. Il nutrimento far\u00e0 s\u00ec che i fiori rimangano belli a lungo e fioriscano in modo splendido.<\/p>\n<p><strong>Il posto giusto<\/strong><\/p>\n<p>I fiori non amano il sole, le correnti d'aria e il calore. Il calore e le correnti d'aria accelerano la perdita di umidit\u00e0 dei fiori, rendendoli pi\u00f9 facilmente cadenti. Non mettete i fiori vicino alla fruttiera. Questo perch\u00e9 la frutta subisce un processo di maturazione durante il quale viene rilasciato il gas etilene. Questo gas \u00e8 dannoso per i fiori e ne riduce la bellezza.<\/p>\n<p><strong>Foglie e fiori spenti<\/strong><\/p>\n<p>Per evitare di inquinare l'acqua, \u00e8 importante che non vi finiscano le foglie. Questo perch\u00e9 le foglie marciscono nell'acqua. Le spine delle rose possono semplicemente rimanere sul gambo. \u00c8 meglio rimuovere i fiori esauriti dal bouquet. Inquinano l'acqua e i batteri colpiscono gli altri fiori.<\/p>\n\t\t<\/div>\n\t\t<\/div><\/div><\/div><\/div>\n<\/div>","protected":false},"excerpt":{"rendered":"Bloemen verzorgen Wilt u zo lang mogelijk van uw boeket genieten? Verzorg ze dan optimaal en volg de volgende stappen","protected":false},"author":1,"featured_media":0,"parent":0,"menu_order":0,"comment_status":"closed","ping_status":"closed","template":"","meta":{"footnotes":""},"class_list":["post-1043","page","type-page","status-publish","hentry"],"_links":{"self":[{"href":"https:\/\/kaldersbloemen.nl\/it\/wp-json\/wp\/v2\/pages\/1043","targetHints":{"allow":["GET"]}}],"collection":[{"href":"https:\/\/kaldersbloemen.nl\/it\/wp-json\/wp\/v2\/pages"}],"about":[{"href":"https:\/\/kaldersbloemen.nl\/it\/wp-json\/wp\/v2\/types\/page"}],"author":[{"embeddable":true,"href":"https:\/\/kaldersbloemen.nl\/it\/wp-json\/wp\/v2\/users\/1"}],"replies":[{"embeddable":true,"href":"https:\/\/kaldersbloemen.nl\/it\/wp-json\/wp\/v2\/comments?post=1043"}],"version-history":[{"count":3,"href":"https:\/\/kaldersbloemen.nl\/it\/wp-json\/wp\/v2\/pages\/1043\/revisions"}],"predecessor-version":[{"id":1152,"href":"https:\/\/kaldersbloemen.nl\/it\/wp-json\/wp\/v2\/pages\/1043\/revisions\/1152"}],"wp:attachment":[{"href":"https:\/\/kaldersbloemen.nl\/it\/wp-json\/wp\/v2\/media?parent=1043"}],"curies":[{"name":"wp","href":"https:\/\/api.w.org\/{rel}","templated":true}]}}