{"id":299,"date":"2023-06-14T11:54:18","date_gmt":"2023-06-14T11:54:18","guid":{"rendered":"https:\/\/dummy.xtemos.com\/woodmart2\/plants\/?page_id=13"},"modified":"2025-11-05T13:30:50","modified_gmt":"2025-11-05T12:30:50","slug":"over-ons","status":"publish","type":"page","link":"https:\/\/kaldersbloemen.nl\/it\/over-ons\/","title":{"rendered":"Chi siamo"},"content":{"rendered":"<div class=\"wpb-content-wrapper\"><div class=\"vc_row wpb_row vc_row-fluid vc_custom_1683641625720 wd-rs-645a550baa672\"><div class=\"wpb_column vc_column_container vc_col-sm-12\"><div class=\"vc_column-inner\"><div class=\"wpb_wrapper\">\n\t\t<div id=\"wd-6787d783605d2\" class=\"title-wrapper wd-wpb wd-set-mb reset-last-child  wd-rs-6787d783605d2 wd-title-color-default wd-title-style-default text-center  wd-underline-colored\">\n\t\t\t\n\t\t\t<div class=\"liner-continer\">\n\t\t\t\t<h4 class=\"woodmart-title-container title  wd-font-weight- wd-fontsize-l\" >Benvenuti a Kalders Flowers<\/h4>\n\t\t\t\t\t\t\t<\/div>\n\t\t\t\n\t\t\t\n\t\t\t\n\t\t<\/div>\n\t\t\n\t\t\t\t<div id=\"wd-690b43499a546\" class=\"wd-image wd-wpb wd-rs-690b43499a546 text-center\">\n\t\t\t\n\t\t\t<img decoding=\"async\" width=\"971\" height=\"728\" src=\"https:\/\/kaldersbloemen.nl\/wp-content\/uploads\/2025\/11\/Kalders-Bloemen-Hoven-Delft-Edited.jpg\" class=\"attachment-971x728 size-971x728\" alt=\"\" srcset=\"https:\/\/kaldersbloemen.nl\/wp-content\/uploads\/2025\/11\/Kalders-Bloemen-Hoven-Delft-Edited.jpg 971w, https:\/\/kaldersbloemen.nl\/wp-content\/uploads\/2025\/11\/Kalders-Bloemen-Hoven-Delft-Edited-400x300.jpg 400w, https:\/\/kaldersbloemen.nl\/wp-content\/uploads\/2025\/11\/Kalders-Bloemen-Hoven-Delft-Edited-768x576.jpg 768w, https:\/\/kaldersbloemen.nl\/wp-content\/uploads\/2025\/11\/Kalders-Bloemen-Hoven-Delft-Edited-430x322.jpg 430w, https:\/\/kaldersbloemen.nl\/wp-content\/uploads\/2025\/11\/Kalders-Bloemen-Hoven-Delft-Edited-700x525.jpg 700w, https:\/\/kaldersbloemen.nl\/wp-content\/uploads\/2025\/11\/Kalders-Bloemen-Hoven-Delft-Edited-190x142.jpg 190w\" sizes=\"(max-width: 971px) 100vw, 971px\" \/>\n\t\t\t\t\t<\/div>\n\t\t<\/div><\/div><\/div><\/div><div class=\"vc_row wpb_row vc_row-fluid vc_custom_1685622062336 wd-rs-64788d2ada659\"><div class=\"wpb_column vc_column_container vc_col-sm-12 vc_col-lg-6 vc_col-md-6 wd-rs-645e1c793c48d\"><div class=\"vc_column-inner\"><div class=\"wpb_wrapper\">\n\t\t<div id=\"wd-68132a0b8b1e9\" class=\"title-wrapper wd-wpb wd-set-mb reset-last-child  wd-rs-68132a0b8b1e9 wd-title-color-default wd-title-style-default text-left vc_custom_1746086416212 wd-width-custom wd-underline-colored\">\n\t\t\t\n\t\t\t<div class=\"liner-continer\">\n\t\t\t\t<h4 class=\"woodmart-title-container title  wd-font-weight- wd-fontsize-l\" >Sui fiori di Kalders<\/h4>\n\t\t\t\t\t\t\t<\/div>\n\t\t\t\n\t\t\t\n\t\t\t\n\t\t<\/div>\n\t\t\n\t\t\t\t<div id=\"wd-68e3e58982f2c\" class=\"wd-text-block wd-wpb reset-last-child wd-rs-68e3e58982f2c text-left wd-width-custom\">\n\t\t\t<p>Mi presento: mi chiamo Ed Kalders e sono cresciuto in mezzo ai fiori. Nel 1936, mio nonno Joep Kalders avvi\u00f2 un negozio di fiori in Delfgauwseweg. Anni dopo, il 25 settembre 1959, mio padre Peter avvi\u00f2 il negozio di fiori Decora sulla Van Foreestweg. In seguito si aggiunsero negozi in Krakeelpolderweg e nel Winkelcentrum di de Hoven. Ho rilevato il negozio nel 1990.<\/p>\n<p>Kalders Flowers \u00e8 un nome familiare a Delft, dove qualit\u00e0, affidabilit\u00e0 e servizio sono sempre al primo posto.<\/p>\n<p>Dopo una pausa di qualche anno, Kalders Flowers \u00e8 tornato a Delft dal 2017 in un fantastico edificio in Martinus Nijhofflaan (accanto all'AH XL). Ogni giorno c'\u00e8 una fornitura di fiori e piante fresche, acquistate attraverso il nostro approvvigionamento sugli orologi dell'asta floreale FloraHolland. Nel nostro negozio c'\u00e8 sempre un grande assortimento di fiori, bouquet e piante. Abbiamo anche molti vasi e accessori di tendenza.<\/p>\n<p><strong>Siamo aperti 7 giorni su 7.<\/strong><\/p>\n<p><span style=\"color: #056633;\"><strong>Spero di vedervi da Kalders Flowers!<\/strong><\/span><\/p>\n<p><strong>Ed Kalders<\/strong><\/p>\n\t\t<\/div>\n\t\t<\/div><\/div><\/div><div class=\"wpb_column vc_column_container vc_col-sm-12 vc_col-lg-6 vc_col-md-6 wd-rs-645e1c8ab4d48\"><div class=\"vc_column-inner\"><div class=\"wpb_wrapper\"><div class=\"vc_row wpb_row vc_inner vc_row-fluid vc_custom_1683712386412 vc_row-has-fill wd-rs-645b697e311ba\"><div class=\"wpb_column vc_column_container vc_col-sm-12 wd-enabled-flex wd-rs-645b699983c7f\"><div class=\"vc_column-inner vc_custom_1683712416057\"><div class=\"wpb_wrapper\">\t\t<div id=\"wd-68132b0a34640\" class=\"wd-text-block wd-wpb reset-last-child inline-element wd-rs-68132b0a34640 text-left wd-font-weight-500 color-title wd-fontsize-custom font-primary vc_custom_1746086669701\">\n\t\t\t<p>Il negozio di fiori aperto da nonno Joep Kalders<\/p>\n\t\t<\/div>\n\t\t\t\t<div id=\"wd-681329240aecc\" class=\"wd-text-block wd-wpb reset-last-child inline-element wd-rs-681329240aecc text-right wd-font-weight-500 wd-fontsize-custom font-primary vc_custom_1746086185662\">\n\t\t\t<p>1936<\/p>\n\t\t<\/div>\n\t\t<\/div><\/div><\/div><\/div><div class=\"vc_row wpb_row vc_inner vc_row-fluid vc_custom_1683712386412 vc_row-has-fill wd-rs-645b697e311ba\"><div class=\"wpb_column vc_column_container vc_col-sm-12 wd-enabled-flex wd-rs-645b699983c7f\"><div class=\"vc_column-inner vc_custom_1683712416057\"><div class=\"wpb_wrapper\">\t\t<div id=\"wd-68132b0554c36\" class=\"wd-text-block wd-wpb reset-last-child inline-element wd-rs-68132b0554c36 text-left wd-font-weight-500 color-title wd-fontsize-custom font-primary vc_custom_1746086664135\">\n\t\t\t<p>Magazzino dei fiori aperto da Peter Kalders<\/p>\n\t\t<\/div>\n\t\t\t\t<div id=\"wd-6813292c707f7\" class=\"wd-text-block wd-wpb reset-last-child inline-element wd-rs-6813292c707f7 text-right wd-font-weight-500 wd-fontsize-custom font-primary vc_custom_1746086210438\">\n\t\t\t<p>1959<\/p>\n\t\t<\/div>\n\t\t<\/div><\/div><\/div><\/div><div class=\"vc_row wpb_row vc_inner vc_row-fluid vc_custom_1746086710334 vc_row-has-fill wd-rs-68132b32e449e\"><div class=\"wpb_column vc_column_container vc_col-sm-12 wd-enabled-flex wd-rs-645b699983c7f\"><div class=\"vc_column-inner vc_custom_1683712416057\"><div class=\"wpb_wrapper\">\t\t<div id=\"wd-68132afa793ff\" class=\"wd-text-block wd-wpb reset-last-child inline-element wd-rs-68132afa793ff text-left wd-font-weight-500 color-title wd-fontsize-custom font-primary vc_custom_1746086653996\">\n\t\t\t<p>Il negozio di fiori Kalders \u00e8 stato rilevato da Ed Kalders<\/p>\n\t\t<\/div>\n\t\t\t\t<div id=\"wd-68132978950db\" class=\"wd-text-block wd-wpb reset-last-child inline-element wd-rs-68132978950db text-right wd-font-weight-500 wd-fontsize-custom font-primary vc_custom_1746086267706\">\n\t\t\t<p>1990<\/p>\n\t\t<\/div>\n\t\t<\/div><\/div><\/div><\/div><div class=\"vc_row wpb_row vc_inner vc_row-fluid vc_custom_1746086695275 vc_row-has-fill wd-rs-68132b21c1ab8\"><div class=\"wpb_column vc_column_container vc_col-sm-12 wd-enabled-flex wd-rs-645b699983c7f\"><div class=\"vc_column-inner vc_custom_1683712416057\"><div class=\"wpb_wrapper\">\t\t<div id=\"wd-68132affd3e7a\" class=\"wd-text-block wd-wpb reset-last-child inline-element wd-rs-68132affd3e7a text-left wd-font-weight-500 color-title wd-fontsize-custom font-primary vc_custom_1746086659164\">\n\t\t\t<p>Apertura del negozio Kalders in Martinus Nijhofflaan<\/p>\n\t\t<\/div>\n\t\t\t\t<div id=\"wd-6813299a3845c\" class=\"wd-text-block wd-wpb reset-last-child inline-element wd-rs-6813299a3845c text-right wd-font-weight-500 wd-fontsize-custom font-primary vc_custom_1746086301952\">\n\t\t\t<p>2017<\/p>\n\t\t<\/div>\n\t\t<\/div><\/div><\/div><\/div><\/div><\/div><\/div><\/div><div class=\"vc_row wpb_row vc_row-fluid vc_custom_1685622008868 wd-rs-64788cf302dcd wd-section-stretch-content\"><div class=\"wpb_column vc_column_container vc_col-sm-12 wd-rs-645a563436a19\"><div class=\"vc_column-inner vc_custom_1683641912010\"><div class=\"wpb_wrapper\">\t\t<div id=\"gallery_282\" class=\"wd-images-gallery wd-wpb wd-rs-690b435d2bb25 vc_custom_1762345843650 photoswipe-images wd-carousel-container wd-wpb\" style=\"--wd-justify-content:center;--wd-align-items:center;\">\n\t\t\t\t\t\t\t<div class=\"wd-carousel-inner\">\n\t\t\t\n\t\t\t<div class=\"wd-carousel wd-grid\"data-scroll_per_page=\"yes\" style=\"--wd-col-lg:3;--wd-col-md:3;--wd-col-sm:1;--wd-gap-lg:30px;--wd-gap-sm:10px;\">\n\t\t\t\t\t\t\t\t\t<div class=\"wd-carousel-wrap\">\n\t\t\t\t\n\t\t\t\t\t\t\t\t\t\t\t\t\t\t\t<div class=\"wd-gallery-item wd-carousel-item\">\n\t\t\t\t\t\t\t\t\t\t\t\t\t\t<a href=\"https:\/\/kaldersbloemen.nl\/wp-content\/uploads\/2025\/11\/Kalders-Bloemen-Over-Ons-1-Edited.jpg\" data-elementor-open-lightbox=\"no\" data-index=\"1\" data-width=\"1920\" data-height=\"1440\" \n\t\t\t\t\t\t\t\t\t\t\t\t\t\t\t\t\t\t\t\t>\n\t\t\t\t\t\t\t\t\n\t\t\t\t\t\t\t\t<img decoding=\"async\" width=\"700\" height=\"700\" src=\"https:\/\/kaldersbloemen.nl\/wp-content\/uploads\/2025\/11\/Kalders-Bloemen-Over-Ons-1-Edited-700x700.jpg\" class=\"wd-gallery-image image-1\" alt=\"\" srcset=\"https:\/\/kaldersbloemen.nl\/wp-content\/uploads\/2025\/11\/Kalders-Bloemen-Over-Ons-1-Edited-700x700.jpg 700w, https:\/\/kaldersbloemen.nl\/wp-content\/uploads\/2025\/11\/Kalders-Bloemen-Over-Ons-1-Edited-150x150.jpg 150w\" sizes=\"(max-width: 700px) 100vw, 700px\" \/>\n\t\t\t\t\t\t\t\t\t\t\t\t\t\t\t<\/a>\n\t\t\t\t\t\t\t\t\t\t\t\t<\/div>\n\t\t\t\t\t\t\t\t\t\t\t<div class=\"wd-gallery-item wd-carousel-item\">\n\t\t\t\t\t\t\t\t\t\t\t\t\t\t<a href=\"https:\/\/kaldersbloemen.nl\/wp-content\/uploads\/2025\/11\/Kalders-Bloemen-Over-Ons-2-Edited.jpg\" data-elementor-open-lightbox=\"no\" data-index=\"2\" data-width=\"1920\" data-height=\"1440\" \n\t\t\t\t\t\t\t\t\t\t\t\t\t\t\t\t\t\t\t\t>\n\t\t\t\t\t\t\t\t\n\t\t\t\t\t\t\t\t<img decoding=\"async\" width=\"700\" height=\"700\" src=\"https:\/\/kaldersbloemen.nl\/wp-content\/uploads\/2025\/11\/Kalders-Bloemen-Over-Ons-2-Edited-700x700.jpg\" class=\"wd-gallery-image image-2\" alt=\"\" srcset=\"https:\/\/kaldersbloemen.nl\/wp-content\/uploads\/2025\/11\/Kalders-Bloemen-Over-Ons-2-Edited-700x700.jpg 700w, https:\/\/kaldersbloemen.nl\/wp-content\/uploads\/2025\/11\/Kalders-Bloemen-Over-Ons-2-Edited-150x150.jpg 150w\" sizes=\"(max-width: 700px) 100vw, 700px\" \/>\n\t\t\t\t\t\t\t\t\t\t\t\t\t\t\t<\/a>\n\t\t\t\t\t\t\t\t\t\t\t\t<\/div>\n\t\t\t\t\t\t\t\t\t\t\t<div class=\"wd-gallery-item wd-carousel-item\">\n\t\t\t\t\t\t\t\t\t\t\t\t\t\t<a href=\"https:\/\/kaldersbloemen.nl\/wp-content\/uploads\/2025\/11\/Kalders-Bloemen-Over-Ons3-Edited.jpg\" data-elementor-open-lightbox=\"no\" data-index=\"3\" data-width=\"1920\" data-height=\"1440\" \n\t\t\t\t\t\t\t\t\t\t\t\t\t\t\t\t\t\t\t\t>\n\t\t\t\t\t\t\t\t\n\t\t\t\t\t\t\t\t<img decoding=\"async\" width=\"700\" height=\"700\" src=\"https:\/\/kaldersbloemen.nl\/wp-content\/uploads\/2025\/11\/Kalders-Bloemen-Over-Ons3-Edited-700x700.jpg\" class=\"wd-gallery-image image-3\" alt=\"\" srcset=\"https:\/\/kaldersbloemen.nl\/wp-content\/uploads\/2025\/11\/Kalders-Bloemen-Over-Ons3-Edited-700x700.jpg 700w, https:\/\/kaldersbloemen.nl\/wp-content\/uploads\/2025\/11\/Kalders-Bloemen-Over-Ons3-Edited-150x150.jpg 150w\" sizes=\"(max-width: 700px) 100vw, 700px\" \/>\n\t\t\t\t\t\t\t\t\t\t\t\t\t\t\t<\/a>\n\t\t\t\t\t\t\t\t\t\t\t\t<\/div>\n\t\t\t\t\t\t\t\t\t\n\t\t\t\t\t\t\t\t\t<\/div>\n\t\t\t\t\t\t\t<\/div>\n\n\t\t\t\t\t\t\t\t\t\t\t\t\t\t<div class=\"wd-nav-arrows wd-pos-sep wd-hover-1 wd-icon-1\">\n\t\t\t<div class=\"wd-btn-arrow wd-prev wd-disabled\">\n\t\t\t\t<div class=\"wd-arrow-inner\"><\/div>\n\t\t\t<\/div>\n\t\t\t<div class=\"wd-btn-arrow wd-next\">\n\t\t\t\t<div class=\"wd-arrow-inner\"><\/div>\n\t\t\t<\/div>\n\t\t<\/div>\n\t\t\t\t\t\t\n\t\t\t\t<\/div>\n\n\t\t\t\t\t\t\t\t\t\t\t\t\t<\/div>\n\t\t<\/div><\/div><\/div><\/div>\n<\/div>","protected":false},"excerpt":{"rendered":"Benvenuti a Kalders Flowers A proposito di Kalders Flowers Lasciate che mi presenti: mi chiamo Ed Kalders e sono cresciuto in mezzo ai fiori.","protected":false},"author":1,"featured_media":0,"parent":0,"menu_order":0,"comment_status":"closed","ping_status":"closed","template":"","meta":{"footnotes":""},"class_list":["post-299","page","type-page","status-publish","hentry"],"_links":{"self":[{"href":"https:\/\/kaldersbloemen.nl\/it\/wp-json\/wp\/v2\/pages\/299","targetHints":{"allow":["GET"]}}],"collection":[{"href":"https:\/\/kaldersbloemen.nl\/it\/wp-json\/wp\/v2\/pages"}],"about":[{"href":"https:\/\/kaldersbloemen.nl\/it\/wp-json\/wp\/v2\/types\/page"}],"author":[{"embeddable":true,"href":"https:\/\/kaldersbloemen.nl\/it\/wp-json\/wp\/v2\/users\/1"}],"replies":[{"embeddable":true,"href":"https:\/\/kaldersbloemen.nl\/it\/wp-json\/wp\/v2\/comments?post=299"}],"version-history":[{"count":20,"href":"https:\/\/kaldersbloemen.nl\/it\/wp-json\/wp\/v2\/pages\/299\/revisions"}],"predecessor-version":[{"id":1131,"href":"https:\/\/kaldersbloemen.nl\/it\/wp-json\/wp\/v2\/pages\/299\/revisions\/1131"}],"wp:attachment":[{"href":"https:\/\/kaldersbloemen.nl\/it\/wp-json\/wp\/v2\/media?parent=299"}],"curies":[{"name":"wp","href":"https:\/\/api.w.org\/{rel}","templated":true}]}}